{"id":14,"date":"2020-03-24T13:24:31","date_gmt":"2020-03-24T12:24:31","guid":{"rendered":"https:\/\/elmejortarot.net\/index.php\/adverts\/manage\/"},"modified":"2020-04-17T16:04:39","modified_gmt":"2020-04-17T15:04:39","slug":"manage","status":"publish","type":"page","link":"https:\/\/elmejortarot.net\/index.php\/adverts\/manage\/","title":{"rendered":"Editar mis anuncios"},"content":{"rendered":"\r\n            <div class=\"adverts-flash-messages adverts-flash-error\">\r\n                    \r\n        <div class=\"adverts-flash-single\">\r\n                        <span class=\"adverts-flash-message-icon adverts-icon-lock\"><\/span>\r\n            <span class=\"adverts-flash-message-text adverts-flash-padding\">Solo los usuarios con sesi\u00f3n abierta pueden acceder a esta p\u00e1gina. Abre Sesi\u00f3n o Reg\u00edstrate.<\/span>\r\n                    <\/div>\r\n        <\/div>\r\n                \r\n    \n","protected":false},"excerpt":{"rendered":"","protected":false},"author":1,"featured_media":0,"parent":12,"menu_order":0,"comment_status":"closed","ping_status":"closed","template":"","meta":{"footnotes":""},"class_list":["post-14","page","type-page","status-publish","hentry"],"_links":{"self":[{"href":"https:\/\/elmejortarot.net\/index.php\/wp-json\/wp\/v2\/pages\/14","targetHints":{"allow":["GET"]}}],"collection":[{"href":"https:\/\/elmejortarot.net\/index.php\/wp-json\/wp\/v2\/pages"}],"about":[{"href":"https:\/\/elmejortarot.net\/index.php\/wp-json\/wp\/v2\/types\/page"}],"author":[{"embeddable":true,"href":"https:\/\/elmejortarot.net\/index.php\/wp-json\/wp\/v2\/users\/1"}],"replies":[{"embeddable":true,"href":"https:\/\/elmejortarot.net\/index.php\/wp-json\/wp\/v2\/comments?post=14"}],"version-history":[{"count":1,"href":"https:\/\/elmejortarot.net\/index.php\/wp-json\/wp\/v2\/pages\/14\/revisions"}],"predecessor-version":[{"id":92,"href":"https:\/\/elmejortarot.net\/index.php\/wp-json\/wp\/v2\/pages\/14\/revisions\/92"}],"up":[{"embeddable":true,"href":"https:\/\/elmejortarot.net\/index.php\/wp-json\/wp\/v2\/pages\/12"}],"wp:attachment":[{"href":"https:\/\/elmejortarot.net\/index.php\/wp-json\/wp\/v2\/media?parent=14"}],"curies":[{"name":"wp","href":"https:\/\/api.w.org\/{rel}","templated":true}]}}