{"id":12,"date":"2020-03-24T13:24:31","date_gmt":"2020-03-24T12:24:31","guid":{"rendered":"https:\/\/elmejortarot.net\/index.php\/adverts\/"},"modified":"2024-11-21T12:56:53","modified_gmt":"2024-11-21T11:56:53","slug":"adverts","status":"publish","type":"page","link":"https:\/\/elmejortarot.net\/","title":{"rendered":"Anuncios Tarot Gratis"},"content":{"rendered":"<!--[fluid]--><!--{content}--><!--[html]--><style><\/style><div class=\"bd-tagstyles  additional-class-1442124442 bd-page-width \"><div class=\"bd-container-inner bd-content-element\"><!--{content}--><!-- wp:paragraph -->\n<p>Anuncios Tarot Gratis<\/p>\n<!-- \/wp:paragraph -->\n\n<!-- wp:paragraph -->\n<p><em>\r\n\r\n\r\n<div class=\"adverts-list adverts-bg-hover\">\r\n                <div class=\"advert-item advert-item-col-4 advert-id-33818 advert-is-featured\">\r\n\r\n                <div class=\"advert-img\">\r\n                                            <img decoding=\"async\" src=\"https:\/\/elmejortarot.net\/wp-content\/uploads\/2023\/06\/f7fdcb46-e828-474c-9d63-1637d10e3319-310x190.jpeg\" class=\"advert-item-grow\" title=\"\" alt=\"\" \/>\r\n                    <\/div>\r\n     \r\n        <div class=\"advert-post-title\">\r\n            <span title=\"VIDENTE PARTICULAR EFICAZ QUE ACIERTE TAROTISTA BARATA SIN GABINETES CASI GRATIS ECON\u00d3MICA\" class=\"advert-link\">\r\n                <span class=\"advert-link-text\">VIDENTE PARTICULAR EFICAZ QUE ACIERTE TAROTISTA BARATA SIN GABINETES CASI GRATIS ECON\u00d3MICA<\/span>\r\n                            <\/span>\r\n            <a href=\"https:\/\/elmejortarot.net\/index.php\/advert\/vidente-particular-consulta-gratis-precio-tarotista-barata-sin-gabinetes\/\" title=\"VIDENTE PARTICULAR EFICAZ QUE ACIERTE TAROTISTA BARATA SIN GABINETES CASI GRATIS ECON\u00d3MICA\" class=\"advert-link-wrap\"><\/a>\r\n        <\/div>\r\n\r\n        <div class=\"advert-published \">\r\n\r\n            <span class=\"advert-date\">abril 3, 2026<\/span>\r\n\r\n                                    <span class=\"advert-item-col-1-only advert-location adverts-icon-location\">Espa\u00f1a<\/span>\r\n            \r\n                                    <div class=\"advert-price\">0,02\u20ac<\/div>\r\n                    <\/div>\r\n\r\n    <\/div>\r\n            <div class=\"advert-item advert-item-col-4 advert-id-241 advert-is-featured\">\r\n\r\n                <div class=\"advert-img\">\r\n                                            <img decoding=\"async\" src=\"https:\/\/elmejortarot.net\/wp-content\/uploads\/2020\/04\/Vidente-Sarai-806585510-310x190.png\" class=\"advert-item-grow\" title=\"\" alt=\"\" \/>\r\n                    <\/div>\r\n     \r\n        <div class=\"advert-post-title\">\r\n            <span title=\"Vidente Sarai\" class=\"advert-link\">\r\n                <span class=\"advert-link-text\">Vidente Sarai<\/span>\r\n                            <\/span>\r\n            <a href=\"https:\/\/elmejortarot.net\/index.php\/advert\/vidente-sarai\/\" title=\"Vidente Sarai\" class=\"advert-link-wrap\"><\/a>\r\n        <\/div>\r\n\r\n        <div class=\"advert-published \">\r\n\r\n            <span class=\"advert-date\">abril 22, 2020<\/span>\r\n\r\n                                    <span class=\"advert-item-col-1-only advert-location adverts-icon-location\">Espa\u00f1a<\/span>\r\n            \r\n                                    <div class=\"advert-price\">1,00\u20ac<\/div>\r\n                    <\/div>\r\n\r\n    <\/div>\r\n            <div class=\"advert-item advert-item-col-4 advert-id-234 advert-is-featured\">\r\n\r\n                <div class=\"advert-img\">\r\n                                            <img decoding=\"async\" src=\"https:\/\/elmejortarot.net\/wp-content\/uploads\/2020\/04\/Vidente-Asel-806599446-310x190.png\" class=\"advert-item-grow\" title=\"\" alt=\"\" \/>\r\n                    <\/div>\r\n     \r\n        <div class=\"advert-post-title\">\r\n            <span title=\"Vidente Asiel\" class=\"advert-link\">\r\n                <span class=\"advert-link-text\">Vidente Asiel<\/span>\r\n                            <\/span>\r\n            <a href=\"https:\/\/elmejortarot.net\/index.php\/advert\/vidente-asiel\/\" title=\"Vidente Asiel\" class=\"advert-link-wrap\"><\/a>\r\n        <\/div>\r\n\r\n        <div class=\"advert-published \">\r\n\r\n            <span class=\"advert-date\">abril 22, 2020<\/span>\r\n\r\n                                    <span class=\"advert-item-col-1-only advert-location adverts-icon-location\">Espa\u00f1a<\/span>\r\n            \r\n                                    <div class=\"advert-price\">1,00\u20ac<\/div>\r\n                    <\/div>\r\n\r\n    <\/div>\r\n            <div class=\"advert-item advert-item-col-4 advert-id-230 advert-is-featured\">\r\n\r\n                <div class=\"advert-img\">\r\n                                            <img decoding=\"async\" src=\"https:\/\/elmejortarot.net\/wp-content\/uploads\/2020\/04\/iStock_000006052815XSmall-310x190.jpg\" class=\"advert-item-grow\" title=\"\" alt=\"\" \/>\r\n                    <\/div>\r\n     \r\n        <div class=\"advert-post-title\">\r\n            <span title=\"Tarot econ\u00f3mico\" class=\"advert-link\">\r\n                <span class=\"advert-link-text\">Tarot econ\u00f3mico<\/span>\r\n                            <\/span>\r\n            <a href=\"https:\/\/elmejortarot.net\/index.php\/advert\/tarot-economico\/\" title=\"Tarot econ\u00f3mico\" class=\"advert-link-wrap\"><\/a>\r\n        <\/div>\r\n\r\n        <div class=\"advert-published \">\r\n\r\n            <span class=\"advert-date\">abril 20, 2020<\/span>\r\n\r\n                                    <span class=\"advert-item-col-1-only advert-location adverts-icon-location\">Espa\u00f1a<\/span>\r\n            \r\n                                    <div class=\"advert-price\">0,42\u20ac<\/div>\r\n                    <\/div>\r\n\r\n    <\/div>\r\n            <div class=\"advert-item advert-item-col-4 advert-id-41527\">\r\n\r\n                <div class=\"advert-img\">\r\n                                            <img decoding=\"async\" src=\"https:\/\/elmejortarot.net\/wp-content\/uploads\/2023\/12\/0b7074be03cff01e194560aedfa0a2b4-310x190.jpg\" class=\"advert-item-grow\" title=\"\" alt=\"\" \/>\r\n                    <\/div>\r\n     \r\n        <div class=\"advert-post-title\">\r\n            <span title=\"Tarot Visa 6 \u20ac los 30 Min\/806 Tirada De Tarot\" class=\"advert-link\">\r\n                <span class=\"advert-link-text\">Tarot Visa 6 \u20ac los 30 Min\/806 Tirada De Tarot<\/span>\r\n                            <\/span>\r\n            <a href=\"https:\/\/elmejortarot.net\/index.php\/advert\/tarot-visa-6-e-los-30-min-806-tirada-de-tarot\/\" title=\"Tarot Visa 6 \u20ac los 30 Min\/806 Tirada De Tarot\" class=\"advert-link-wrap\"><\/a>\r\n        <\/div>\r\n\r\n        <div class=\"advert-published \">\r\n\r\n            <span class=\"advert-date\">abril 27, 2026<\/span>\r\n\r\n                                    <span class=\"advert-item-col-1-only advert-location adverts-icon-location\">Madrid<\/span>\r\n            \r\n                                    <div class=\"advert-price\">5,00\u20ac<\/div>\r\n                    <\/div>\r\n\r\n    <\/div>\r\n            <div class=\"advert-item advert-item-col-4 advert-id-4978\">\r\n\r\n                <div class=\"advert-img\">\r\n                                            <img decoding=\"async\" src=\"https:\/\/elmejortarot.net\/wp-content\/uploads\/2022\/02\/36106771-5448-46d3-916d-abcbb0fed1b4-310x190.jpeg\" class=\"advert-item-grow\" title=\"\" alt=\"\" \/>\r\n                    <\/div>\r\n     \r\n        <div class=\"advert-post-title\">\r\n            <span title=\"Tarot 806 Barato\/Tarot Visa\/8 \u20ac los 30 Min\" class=\"advert-link\">\r\n                <span class=\"advert-link-text\">Tarot 806 Barato\/Tarot Visa\/8 \u20ac los 30 Min<\/span>\r\n                            <\/span>\r\n            <a href=\"https:\/\/elmejortarot.net\/index.php\/advert\/tarot-806-barato-tarot-visa-8-e-los-30-min\/\" title=\"Tarot 806 Barato\/Tarot Visa\/8 \u20ac los 30 Min\" class=\"advert-link-wrap\"><\/a>\r\n        <\/div>\r\n\r\n        <div class=\"advert-published \">\r\n\r\n            <span class=\"advert-date\">abril 27, 2026<\/span>\r\n\r\n                                    <span class=\"advert-item-col-1-only advert-location adverts-icon-location\">tenerife<\/span>\r\n            \r\n                                    <div class=\"advert-price\">5,00\u20ac<\/div>\r\n                    <\/div>\r\n\r\n    <\/div>\r\n            <div class=\"advert-item advert-item-col-4 advert-id-100398\">\r\n\r\n                <div class=\"advert-img\">\r\n                                            <img decoding=\"async\" src=\"https:\/\/elmejortarot.net\/wp-content\/uploads\/2025\/11\/c234f1a21077fbbed14310a2ee090b5f-1-2-310x190.jpg\" class=\"advert-item-grow\" title=\"\" alt=\"\" \/>\r\n                    <\/div>\r\n     \r\n        <div class=\"advert-post-title\">\r\n            <span title=\"Tirada\u00a0 De Tarot | Liberate De Las Dudas|\" class=\"advert-link\">\r\n                <span class=\"advert-link-text\">Tirada\u00a0 De Tarot | Liberate De Las Dudas|<\/span>\r\n                            <\/span>\r\n            <a href=\"https:\/\/elmejortarot.net\/index.php\/advert\/tirada-de-tarot-liberate-de-las-dudas-7\/\" title=\"Tirada\u00a0 De Tarot | Liberate De Las Dudas|\" class=\"advert-link-wrap\"><\/a>\r\n        <\/div>\r\n\r\n        <div class=\"advert-published \">\r\n\r\n            <span class=\"advert-date\">abril 27, 2026<\/span>\r\n\r\n                                    <span class=\"advert-item-col-1-only advert-location adverts-icon-location\">Tenerife<\/span>\r\n            \r\n                                    <div class=\"advert-price\">5,00\u20ac<\/div>\r\n                    <\/div>\r\n\r\n    <\/div>\r\n            <div class=\"advert-item advert-item-col-4 advert-id-89122\">\r\n\r\n                <div class=\"advert-img\">\r\n                                            <img decoding=\"async\" src=\"https:\/\/elmejortarot.net\/wp-content\/uploads\/2025\/07\/06ee0f2264a7ea064360aac59857dba8-310x190.jpg\" class=\"advert-item-grow\" title=\"\" alt=\"\" \/>\r\n                    <\/div>\r\n     \r\n        <div class=\"advert-post-title\">\r\n            <span title=\"Consulta Tarot Del Amor Economico En L\u00ednea\" class=\"advert-link\">\r\n                <span class=\"advert-link-text\">Consulta Tarot Del Amor Economico En L\u00ednea<\/span>\r\n                            <\/span>\r\n            <a href=\"https:\/\/elmejortarot.net\/index.php\/advert\/consulta-tarot-del-amor-economico-en-linea\/\" title=\"Consulta Tarot Del Amor Economico En L\u00ednea\" class=\"advert-link-wrap\"><\/a>\r\n        <\/div>\r\n\r\n        <div class=\"advert-published \">\r\n\r\n            <span class=\"advert-date\">abril 27, 2026<\/span>\r\n\r\n                                    <span class=\"advert-item-col-1-only advert-location adverts-icon-location\">Valencia<\/span>\r\n            \r\n                                    <div class=\"advert-price\">5,00\u20ac<\/div>\r\n                    <\/div>\r\n\r\n    <\/div>\r\n            <div class=\"advert-item advert-item-col-4 advert-id-84359\">\r\n\r\n                <div class=\"advert-img\">\r\n                                            <img decoding=\"async\" src=\"https:\/\/elmejortarot.net\/wp-content\/uploads\/2026\/04\/4f6eca4f6aec29cc43490d9b2642c9c0-1-310x190.jpg\" class=\"advert-item-grow\" title=\"\" alt=\"\" \/>\r\n                    <\/div>\r\n     \r\n        <div class=\"advert-post-title\">\r\n            <span title=\"Tarot Fiable : Consulta  Tarotistas Econ\u00f3micas\" class=\"advert-link\">\r\n                <span class=\"advert-link-text\">Tarot Fiable : Consulta  Tarotistas Econ\u00f3micas<\/span>\r\n                            <\/span>\r\n            <a href=\"https:\/\/elmejortarot.net\/index.php\/advert\/tarot-fiable-consulta-tarotistas-economicas-2\/\" title=\"Tarot Fiable : Consulta  Tarotistas Econ\u00f3micas\" class=\"advert-link-wrap\"><\/a>\r\n        <\/div>\r\n\r\n        <div class=\"advert-published \">\r\n\r\n            <span class=\"advert-date\">abril 27, 2026<\/span>\r\n\r\n                                    <span class=\"advert-item-col-1-only advert-location adverts-icon-location\">Madrid<\/span>\r\n            \r\n                                    <div class=\"advert-price\">5,00\u20ac<\/div>\r\n                    <\/div>\r\n\r\n    <\/div>\r\n            <div class=\"advert-item advert-item-col-4 advert-id-5442\">\r\n\r\n                <div class=\"advert-img\">\r\n                                            <img decoding=\"async\" src=\"https:\/\/elmejortarot.net\/wp-content\/uploads\/2022\/11\/0c67e6c8-1f1b-4cf2-9ee3-c1ec0761ea89_16-9-discover-aspect-ratio_default_0-1-310x190.jpg\" class=\"advert-item-grow\" title=\"\" alt=\"\" \/>\r\n                    <\/div>\r\n     \r\n        <div class=\"advert-post-title\">\r\n            <span title=\"Tarot Visa 7 \u20ac los 30 Min\/ Tirada de Tarot\" class=\"advert-link\">\r\n                <span class=\"advert-link-text\">Tarot Visa 7 \u20ac los 30 Min\/ Tirada de Tarot<\/span>\r\n                            <\/span>\r\n            <a href=\"https:\/\/elmejortarot.net\/index.php\/advert\/tarot-visa-8-e-los-30-min-tirada-de-tarot-11\/\" title=\"Tarot Visa 7 \u20ac los 30 Min\/ Tirada de Tarot\" class=\"advert-link-wrap\"><\/a>\r\n        <\/div>\r\n\r\n        <div class=\"advert-published \">\r\n\r\n            <span class=\"advert-date\">abril 27, 2026<\/span>\r\n\r\n                                    <span class=\"advert-item-col-1-only advert-location adverts-icon-location\">tenerife<\/span>\r\n            \r\n                                    <div class=\"advert-price\">5,00\u20ac<\/div>\r\n                    <\/div>\r\n\r\n    <\/div>\r\n            <div class=\"advert-item advert-item-col-4 advert-id-89403\">\r\n\r\n                <div class=\"advert-img\">\r\n                                            <img decoding=\"async\" src=\"https:\/\/elmejortarot.net\/wp-content\/uploads\/2025\/07\/1cd18ed41de0da50c3720f05f7c19fbc-3-310x190.jpg\" class=\"advert-item-grow\" title=\"\" alt=\"\" \/>\r\n                    <\/div>\r\n     \r\n        <div class=\"advert-post-title\">\r\n            <span title=\"Consulta Las Cartas Del Tarot Del Amor\" class=\"advert-link\">\r\n                <span class=\"advert-link-text\">Consulta Las Cartas Del Tarot Del Amor<\/span>\r\n                            <\/span>\r\n            <a href=\"https:\/\/elmejortarot.net\/index.php\/advert\/consulta-las-cartas-del-tarot-del-amor-3\/\" title=\"Consulta Las Cartas Del Tarot Del Amor\" class=\"advert-link-wrap\"><\/a>\r\n        <\/div>\r\n\r\n        <div class=\"advert-published \">\r\n\r\n            <span class=\"advert-date\">abril 27, 2026<\/span>\r\n\r\n                                    <span class=\"advert-item-col-1-only advert-location adverts-icon-location\">Las Palmas<\/span>\r\n            \r\n                                    <div class=\"advert-price\">5,00\u20ac<\/div>\r\n                    <\/div>\r\n\r\n    <\/div>\r\n            <div class=\"advert-item advert-item-col-4 advert-id-100279\">\r\n\r\n                <div class=\"advert-img\">\r\n                                            <img decoding=\"async\" src=\"https:\/\/elmejortarot.net\/wp-content\/uploads\/2025\/11\/55139056b75111762d71138bb744af2f-310x190.jpg\" class=\"advert-item-grow\" title=\"\" alt=\"\" \/>\r\n                    <\/div>\r\n     \r\n        <div class=\"advert-post-title\">\r\n            <span title=\"Liberate De Tus Dudas | Tarot Las 24 Horas\" class=\"advert-link\">\r\n                <span class=\"advert-link-text\">Liberate De Tus Dudas | Tarot Las 24 Horas<\/span>\r\n                            <\/span>\r\n            <a href=\"https:\/\/elmejortarot.net\/index.php\/advert\/liberate-de-tus-dudas-tarot-las-24-horas\/\" title=\"Liberate De Tus Dudas | Tarot Las 24 Horas\" class=\"advert-link-wrap\"><\/a>\r\n        <\/div>\r\n\r\n        <div class=\"advert-published \">\r\n\r\n            <span class=\"advert-date\">abril 27, 2026<\/span>\r\n\r\n                                    <span class=\"advert-item-col-1-only advert-location adverts-icon-location\">Girona<\/span>\r\n            \r\n                                    <div class=\"advert-price\">5,00\u20ac<\/div>\r\n                    <\/div>\r\n\r\n    <\/div>\r\n            <\/div>\r\n\r\n<div class=\"adverts-pagination\">\r\n    <span aria-current=\"page\" class=\"page-numbers current\">1<\/span>\n<a class=\"page-numbers\" href=\"https:\/\/elmejortarot.net\/?pg=2\">2<\/a>\n<a class=\"page-numbers\" href=\"https:\/\/elmejortarot.net\/?pg=3\">3<\/a>\n<span class=\"page-numbers dots\">&hellip;<\/span>\n<a class=\"page-numbers\" href=\"https:\/\/elmejortarot.net\/?pg=48\">48<\/a><\/div>\r\n\r\n<\/em><\/p>\n<!-- \/wp:paragraph -->\n\n<!-- wp:paragraph -->\n<p><\/p>\n<!-- \/wp:paragraph -->\n\n<p>Aqu\u00ed encontrar\u00e1 <strong>anuncios de tarot gratis<\/strong>, podr\u00e1 anunciarse si trabaja en el mundo del tarot, totalmente gratis. Y si lo que est\u00e1 es buscando a profesionales del tarot, aqu\u00ed encontrar\u00e1 anuncios de tarotistas dispuestas a ayudarte. <strong>Anuncios tarot gratis<\/strong> en El Mejor Tarot . NET est\u00e1 a tu disposici\u00f3n.<\/p><!--{\/content}--><\/div><\/div><!--[\/html]--><!--{\/content}--><!--[\/fluid]-->\n","protected":false},"excerpt":{"rendered":"","protected":false},"author":1,"featured_media":0,"parent":0,"menu_order":0,"comment_status":"closed","ping_status":"closed","template":"templates\/front_1.php","meta":{"footnotes":""},"class_list":["post-12","page","type-page","status-publish","hentry"],"_links":{"self":[{"href":"https:\/\/elmejortarot.net\/index.php\/wp-json\/wp\/v2\/pages\/12","targetHints":{"allow":["GET"]}}],"collection":[{"href":"https:\/\/elmejortarot.net\/index.php\/wp-json\/wp\/v2\/pages"}],"about":[{"href":"https:\/\/elmejortarot.net\/index.php\/wp-json\/wp\/v2\/types\/page"}],"author":[{"embeddable":true,"href":"https:\/\/elmejortarot.net\/index.php\/wp-json\/wp\/v2\/users\/1"}],"replies":[{"embeddable":true,"href":"https:\/\/elmejortarot.net\/index.php\/wp-json\/wp\/v2\/comments?post=12"}],"version-history":[{"count":21,"href":"https:\/\/elmejortarot.net\/index.php\/wp-json\/wp\/v2\/pages\/12\/revisions"}],"predecessor-version":[{"id":68497,"href":"https:\/\/elmejortarot.net\/index.php\/wp-json\/wp\/v2\/pages\/12\/revisions\/68497"}],"wp:attachment":[{"href":"https:\/\/elmejortarot.net\/index.php\/wp-json\/wp\/v2\/media?parent=12"}],"curies":[{"name":"wp","href":"https:\/\/api.w.org\/{rel}","templated":true}]}}